{"id":990,"date":"2025-09-22T00:04:37","date_gmt":"2025-09-22T00:04:37","guid":{"rendered":"https:\/\/themenectar.com\/salient\/signal\/?page_id=5"},"modified":"2026-05-14T08:54:35","modified_gmt":"2026-05-14T08:54:35","slug":"landing","status":"publish","type":"page","link":"https:\/\/new.idealistastudio.com\/","title":{"rendered":"Idealista Studio Rafa\u0142 Modlinger"},"content":{"rendered":"[vc_row type=&#8221;full_width_content&#8221; full_screen_row_position=&#8221;middle&#8221; column_margin=&#8221;default&#8221; column_direction=&#8221;default&#8221; column_direction_tablet=&#8221;default&#8221; column_direction_phone=&#8221;default&#8221; bg_color=&#8221;#C2B5A0&#8243; animated_gradient_bg=&#8221;true&#8221; animated_gradient_bg_color_1=&#8221;#D8D852&#8243; animated_gradient_bg_speed=&#8221;1300&#8243; animated_gradient_bg_blending_mode=&#8221;organic&#8221; scene_position=&#8221;center&#8221; left_padding_desktop=&#8221;60px&#8221; constrain_group_2=&#8221;yes&#8221; right_padding_desktop=&#8221;60px&#8221; left_padding_tablet=&#8221;25px&#8221; constrain_group_4=&#8221;yes&#8221; right_padding_tablet=&#8221;25px&#8221; text_color=&#8221;dark&#8221; text_align=&#8221;left&#8221; row_border_radius=&#8221;none&#8221; row_border_radius_applies=&#8221;bg&#8221; row_position_desktop=&#8221;default&#8221; row_position_tablet=&#8221;inherit&#8221; row_position_phone=&#8221;inherit&#8221; overflow=&#8221;visible&#8221; overlay_strength=&#8221;0.3&#8243; gradient_direction=&#8221;left_to_right&#8221; shape_divider_position=&#8221;bottom&#8221; bg_image_animation=&#8221;none&#8221; color_change_section=&#8221;true&#8221; gradient_type=&#8221;default&#8221; shape_type=&#8221;&#8221;][vc_column flex_gap_desktop=&#8221;10px&#8221; desktop_text_alignment=&#8221;default&#8221; tablet_text_alignment=&#8221;default&#8221; phone_text_alignment=&#8221;default&#8221; background_color_opacity=&#8221;1&#8243; background_hover_color_opacity=&#8221;1&#8243; column_backdrop_filter=&#8221;none&#8221; column_shadow=&#8221;none&#8221; column_border_radius=&#8221;none&#8221; column_link_target=&#8221;_self&#8221; column_position=&#8221;static&#8221; gradient_direction=&#8221;left_to_right&#8221; overlay_strength=&#8221;0.3&#8243; width=&#8221;1\/1&#8243; tablet_width_inherit=&#8221;default&#8221; animation_type=&#8221;default&#8221; bg_image_animation=&#8221;none&#8221; border_type=&#8221;simple&#8221; column_border_width=&#8221;none&#8221; column_border_style=&#8221;solid&#8221; flexbox_justify_content_tablet=&#8221;&#8221; flexbox_align_items_tablet=&#8221;&#8221; flexbox_direction_tablet=&#8221;&#8221; column_padding_type=&#8221;advanced&#8221; gradient_type=&#8221;default&#8221; content_layout=&#8221;flexbox&#8221; flex_layout_desktop=&#8221;column&#8221; flex_justify_content_desktop=&#8221;space-between&#8221; flex_align_items_desktop=&#8221;stretch&#8221; flex_align_items_phone=&#8221;&#8221; flex_wrap_desktop=&#8221;nowrap&#8221; flex_reverse_desktop=&#8221;false&#8221; min_height_desktop=&#8221;100svh&#8221;][divider line_type=&#8221;No Line&#8221; custom_height=&#8221;100%&#8221;][vc_row_inner column_margin=&#8221;default&#8221; column_direction=&#8221;default&#8221; column_direction_tablet=&#8221;default&#8221; column_direction_phone=&#8221;default&#8221; constrain_group_2=&#8221;yes&#8221; text_align=&#8221;left&#8221; row_position=&#8221;default&#8221; row_position_tablet=&#8221;inherit&#8221; row_position_phone=&#8221;inherit&#8221; overflow=&#8221;visible&#8221; pointer_events=&#8221;all&#8221;][vc_column_inner flex_gap_desktop=&#8221;5px&#8221; flex_gap_tablet=&#8221;10px&#8221; desktop_text_alignment=&#8221;center&#8221; tablet_text_alignment=&#8221;default&#8221; phone_text_alignment=&#8221;default&#8221; background_color_opacity=&#8221;1&#8243; background_hover_color_opacity=&#8221;1&#8243; column_backdrop_filter=&#8221;none&#8221; column_shadow=&#8221;none&#8221; column_border_radius=&#8221;none&#8221; column_link_target=&#8221;_self&#8221; overflow=&#8221;visible&#8221; gradient_direction=&#8221;left_to_right&#8221; overlay_strength=&#8221;0.3&#8243; width=&#8221;1\/1&#8243; tablet_width_inherit=&#8221;default&#8221; animation_type=&#8221;default&#8221; bg_image_animation=&#8221;none&#8221; border_type=&#8221;simple&#8221; column_border_width=&#8221;none&#8221; column_border_style=&#8221;solid&#8221; column_padding_type=&#8221;advanced&#8221; gradient_type=&#8221;default&#8221; content_layout=&#8221;flexbox&#8221; flex_layout_desktop=&#8221;column&#8221; flex_justify_content_desktop=&#8221;center&#8221; flex_align_items_desktop=&#8221;center&#8221; flex_align_items_phone=&#8221;&#8221; flex_wrap_desktop=&#8221;nowrap&#8221; flex_reverse_desktop=&#8221;false&#8221;][split_line_heading line_reveal_by_space_text_effect=&#8221;letter-reveal-bottom&#8221; font_style=&#8221;h1&#8243; stagger_animation=&#8221;true&#8221; font_size_max=&#8221;250px&#8221; content_alignment=&#8221;default&#8221; mobile_content_alignment=&#8221;inherit&#8221; animation_type=&#8221;line-reveal-by-space&#8221; link_target=&#8221;_self&#8221; text_direction=&#8221;default&#8221; font_size=&#8221;14vw&#8221; font_line_height=&#8221;0.85&#8243; text_content=&#8221;IDEALISTA&#8221;][\/split_line_heading][split_line_heading line_reveal_by_space_text_effect=&#8221;letter-reveal-bottom&#8221; font_style=&#8221;h1&#8243; stagger_animation=&#8221;true&#8221; font_size_max=&#8221;250px&#8221; content_alignment=&#8221;default&#8221; mobile_content_alignment=&#8221;inherit&#8221; animation_type=&#8221;line-reveal-by-space&#8221; link_target=&#8221;_self&#8221; text_direction=&#8221;default&#8221; font_size=&#8221;14vw&#8221; font_line_height=&#8221;0.85&#8243; text_content=&#8221;STUDIO&#8221;][\/split_line_heading][split_line_heading line_reveal_by_space_text_effect=&#8221;letter-reveal-bottom&#8221; font_style=&#8221;h2&#8243; content_alignment=&#8221;default&#8221; mobile_content_alignment=&#8221;inherit&#8221; animation_type=&#8221;line-reveal-by-space&#8221; link_target=&#8221;_self&#8221; text_content=&#8221;Rozwi\u0105zywanie problem\u00f3w przez pi\u0119kno&#8221; text_direction=&#8221;default&#8221;][\/split_line_heading][\/vc_column_inner][\/vc_row_inner][divider line_type=&#8221;No Line&#8221; custom_height=&#8221;100%&#8221;][vc_row_inner column_margin=&#8221;10px&#8221; column_direction=&#8221;default&#8221; column_direction_tablet=&#8221;default&#8221; column_direction_phone=&#8221;default&#8221; bottom_padding=&#8221;30px&#8221; bottom_padding_phone=&#8221;20px&#8221; text_align=&#8221;left&#8221; row_position=&#8221;default&#8221; row_position_tablet=&#8221;inherit&#8221; row_position_phone=&#8221;inherit&#8221; overflow=&#8221;visible&#8221; pointer_events=&#8221;all&#8221;][vc_column_inner column_padding=&#8221;no-extra-padding&#8221; column_padding_tablet=&#8221;inherit&#8221; column_padding_phone=&#8221;inherit&#8221; column_padding_position=&#8221;all&#8221; flex_gap_desktop=&#8221;10px&#8221; desktop_text_alignment=&#8221;default&#8221; tablet_text_alignment=&#8221;default&#8221; phone_text_alignment=&#8221;default&#8221; background_color_opacity=&#8221;1&#8243; background_hover_color_opacity=&#8221;1&#8243; column_backdrop_filter=&#8221;none&#8221; column_shadow=&#8221;none&#8221; column_border_radius=&#8221;none&#8221; column_link_target=&#8221;_self&#8221; overflow=&#8221;visible&#8221; gradient_direction=&#8221;left_to_right&#8221; overlay_strength=&#8221;0.3&#8243; width=&#8221;1\/3&#8243; tablet_width_inherit=&#8221;small_desktop&#8221; animation_type=&#8221;default&#8221; enable_animation=&#8221;true&#8221; animation=&#8221;slight-fade-in-from-bottom&#8221; animation_easing=&#8221;default&#8221; bg_image_animation=&#8221;none&#8221; border_type=&#8221;simple&#8221; column_border_width=&#8221;none&#8221; column_border_style=&#8221;solid&#8221; column_padding_type=&#8221;default&#8221; content_layout=&#8221;flexbox&#8221; flex_layout_desktop=&#8221;row&#8221; flex_justify_content_desktop=&#8221;flex-start&#8221; flex_align_items_desktop=&#8221;flex-end&#8221; flex_align_items_phone=&#8221;&#8221; flex_wrap_desktop=&#8221;nowrap&#8221; flex_reverse_desktop=&#8221;false&#8221; gradient_type=&#8221;default&#8221; delay=&#8221;300&#8243; offset=&#8221;vc_hidden-xs&#8221;][nectar_responsive_text inherited_font_style=&#8221;h6&#8243; text_direction=&#8221;default&#8221; font_size_tablet=&#8221;12px&#8221;]Based in Wroc\u0142aw[\/nectar_responsive_text][\/vc_column_inner][vc_column_inner column_padding=&#8221;no-extra-padding&#8221; column_padding_tablet=&#8221;inherit&#8221; column_padding_phone=&#8221;inherit&#8221; column_padding_position=&#8221;all&#8221; column_element_direction_desktop=&#8221;default&#8221; column_element_spacing=&#8221;default&#8221; desktop_text_alignment=&#8221;default&#8221; tablet_text_alignment=&#8221;default&#8221; phone_text_alignment=&#8221;default&#8221; background_color_opacity=&#8221;1&#8243; background_hover_color_opacity=&#8221;1&#8243; column_backdrop_filter=&#8221;none&#8221; column_shadow=&#8221;none&#8221; column_border_radius=&#8221;none&#8221; column_link_target=&#8221;_self&#8221; overflow=&#8221;visible&#8221; gradient_direction=&#8221;left_to_right&#8221; overlay_strength=&#8221;0.3&#8243; width=&#8221;1\/3&#8243; tablet_width_inherit=&#8221;small_desktop&#8221; animation_type=&#8221;default&#8221; enable_animation=&#8221;true&#8221; animation=&#8221;slight-fade-in-from-bottom&#8221; animation_easing=&#8221;default&#8221; bg_image_animation=&#8221;none&#8221; border_type=&#8221;simple&#8221; column_border_width=&#8221;none&#8221; column_border_style=&#8221;solid&#8221; column_padding_type=&#8221;default&#8221; content_layout=&#8221;default&#8221; gradient_type=&#8221;default&#8221; delay=&#8221;350&#8243;][nectar_responsive_text inherited_font_style=&#8221;default&#8221; text_direction=&#8221;default&#8221; font_size_tablet=&#8221;14px&#8221; font_size_phone=&#8221;16px&#8221;]\n<p style=\"text-align: center;\">An independent art &amp; design studio<\/p>\n[\/nectar_responsive_text][\/vc_column_inner][vc_column_inner column_padding=&#8221;no-extra-padding&#8221; column_padding_tablet=&#8221;inherit&#8221; column_padding_phone=&#8221;inherit&#8221; column_padding_position=&#8221;all&#8221; flex_gap_desktop=&#8221;10px&#8221; desktop_text_alignment=&#8221;default&#8221; tablet_text_alignment=&#8221;default&#8221; phone_text_alignment=&#8221;default&#8221; background_color_opacity=&#8221;1&#8243; background_hover_color_opacity=&#8221;1&#8243; column_backdrop_filter=&#8221;none&#8221; column_shadow=&#8221;none&#8221; column_border_radius=&#8221;none&#8221; column_link_target=&#8221;_self&#8221; overflow=&#8221;visible&#8221; gradient_direction=&#8221;left_to_right&#8221; overlay_strength=&#8221;0.3&#8243; width=&#8221;1\/3&#8243; tablet_width_inherit=&#8221;small_desktop&#8221; animation_type=&#8221;default&#8221; enable_animation=&#8221;true&#8221; animation=&#8221;slight-fade-in-from-bottom&#8221; animation_easing=&#8221;default&#8221; bg_image_animation=&#8221;none&#8221; border_type=&#8221;simple&#8221; column_border_width=&#8221;none&#8221; column_border_style=&#8221;solid&#8221; column_padding_type=&#8221;default&#8221; content_layout=&#8221;flexbox&#8221; flex_layout_desktop=&#8221;row&#8221; flex_justify_content_desktop=&#8221;flex-end&#8221; flex_align_items_desktop=&#8221;flex-end&#8221; flex_align_items_phone=&#8221;&#8221; flex_wrap_desktop=&#8221;nowrap&#8221; flex_reverse_desktop=&#8221;false&#8221; gradient_type=&#8221;default&#8221; delay=&#8221;400&#8243; offset=&#8221;vc_hidden-xs&#8221;][nectar_responsive_text inherited_font_style=&#8221;h6&#8243; text_direction=&#8221;default&#8221; font_size_tablet=&#8221;12px&#8221;]Established 2018[\/nectar_responsive_text][\/vc_column_inner][\/vc_row_inner][nectar_content_trail images=&#8221;1027,1054,1058,1071,1086,1079&#8243; image_size=&#8221;large&#8221; image_width_phone=&#8221;100px&#8221; animation_in=&#8221;scale&#8221; animation_out=&#8221;scale&#8221; aspect_ratio=&#8221;3-2&#8243; border_radius=&#8221;10&#8243; frequency=&#8221;110&#8243; duration=&#8221;0.9&#8243; lerp=&#8221;0&#8243; randomize_rotation=&#8221;true&#8221; position_desktop=&#8221;absolute&#8221; top_position_desktop=&#8221;0&#8243; bottom_position_desktop=&#8221;10%&#8221; left_position_desktop=&#8221;0&#8243; right_position_desktop=&#8221;0&#8243; height_desktop=&#8221;100%&#8221; overflow=&#8221;visible&#8221; animation=&#8221;scale&#8221; zindex=&#8221;10&#8243; type=&#8221;images&#8221;][\/vc_column][\/vc_row][vc_row type=&#8221;full_width_background&#8221; full_screen_row_position=&#8221;middle&#8221; column_margin=&#8221;default&#8221; column_direction=&#8221;default&#8221; column_direction_tablet=&#8221;default&#8221; column_direction_phone=&#8221;default&#8221; scene_position=&#8221;center&#8221; top_margin=&#8221;50&#8243; bottom_margin=&#8221;10&#8243; text_color=&#8221;dark&#8221; text_align=&#8221;left&#8221; row_border_radius=&#8221;none&#8221; row_border_radius_applies=&#8221;bg&#8221; row_position_desktop=&#8221;default&#8221; row_position_tablet=&#8221;inherit&#8221; row_position_phone=&#8221;inherit&#8221; overflow=&#8221;visible&#8221; overlay_strength=&#8221;0.3&#8243; gradient_direction=&#8221;left_to_right&#8221; shape_divider_position=&#8221;bottom&#8221; bg_image_animation=&#8221;none&#8221; gradient_type=&#8221;default&#8221; shape_type=&#8221;&#8221;][vc_column column_padding=&#8221;padding-5-percent&#8221; column_padding_tablet=&#8221;inherit&#8221; column_padding_phone=&#8221;inherit&#8221; column_padding_position=&#8221;all&#8221; column_element_direction_desktop=&#8221;default&#8221; column_element_spacing=&#8221;default&#8221; desktop_text_alignment=&#8221;default&#8221; tablet_text_alignment=&#8221;default&#8221; phone_text_alignment=&#8221;default&#8221; background_color_opacity=&#8221;1&#8243; background_hover_color_opacity=&#8221;1&#8243; column_backdrop_filter=&#8221;none&#8221; column_shadow=&#8221;none&#8221; column_border_radius=&#8221;none&#8221; column_link_target=&#8221;_self&#8221; column_position=&#8221;default&#8221; gradient_direction=&#8221;left_to_right&#8221; overlay_strength=&#8221;0.3&#8243; width=&#8221;1\/1&#8243; tablet_width_inherit=&#8221;default&#8221; animation_type=&#8221;default&#8221; enable_animation=&#8221;true&#8221; animation=&#8221;slight-fade-in-from-bottom&#8221; animation_easing=&#8221;default&#8221; bg_image_animation=&#8221;none&#8221; border_type=&#8221;simple&#8221; column_border_width=&#8221;none&#8221; column_border_style=&#8221;solid&#8221; column_padding_type=&#8221;default&#8221; gradient_type=&#8221;default&#8221; delay=&#8221;100&#8243; content_layout=&#8221;default&#8221;][nectar_post_grid post_type=&#8221;portfolio&#8221; portfolio_category=&#8221;all&#8221; portfolio_starting_category=&#8221;all&#8221; order=&#8221;DESC&#8221; orderby=&#8221;date&#8221; pagination=&#8221;none&#8221; columns=&#8221;2&#8243; columns_tablet=&#8221;default&#8221; columns_phone=&#8221;default&#8221; grid_item_spacing=&#8221;1vw&#8221; grid_item_height=&#8221;30vh&#8221; enable_masonry=&#8221;yes&#8221; 2_col_masonry_layout=&#8221;default_alt&#8221; image_size=&#8221;full&#8221; overlaid_aspect_ratio_image_size=&#8221;yes&#8221; overlaid_custom_image_aspect_ratio=&#8221;1-1&#8243; image_loading=&#8221;lazy-load&#8221; animation=&#8221;none&#8221; animation_stagger=&#8221;90&#8243; animation_easing=&#8221;default&#8221; parallax_scrolling=&#8221;yes&#8221; heading_tag=&#8221;h1&#8243; heading_tag_render=&#8221;default&#8221; font_size_max=&#8221;54px&#8221; enable_indicator=&#8221;yes&#8221; mouse_indicator_style=&#8221;default&#8221; mouse_indicator_text=&#8221;view&#8221; mouse_indicator_color=&#8221;#CECD1E&#8221; mouse_indicator_text_color=&#8221;#FFFFFF&#8221; mouse_indicator_blurred_bg=&#8221;yes&#8221; display_categories=&#8221;yes&#8221; category_functionality=&#8221;static&#8221; category_position=&#8221;overlaid&#8221; category_style=&#8221;button&#8221; category_button_color=&#8221;rgba(10,10,10,0.2)&#8221; category_display=&#8221;default&#8221; additional_meta_size=&#8221;default&#8221; custom_fields_location=&#8221;before_post_meta&#8221; grid_style=&#8221;content_overlaid&#8221; text_content_layout=&#8221;corners&#8221; color_overlay=&#8221;#0a0a0a&#8221; color_overlay_opacity=&#8221;0&#8243; color_overlay_hover_opacity=&#8221;0.2&#8243; text_color=&#8221;light&#8221; text_color_hover=&#8221;light&#8221; text_opacity=&#8221;1&#8243; text_hover_opacity=&#8221;1&#8243; hover_effect=&#8221;zoom&#8221; border_radius=&#8221;25px&#8221; display_type=&#8221;grid&#8221; custom_font_size=&#8221;3vw&#8221; image_loading_lazy_skip=&#8221;3&#8243; font_size_tablet=&#8221;5vw&#8221; font_size_phone=&#8221;34px&#8221;][\/vc_column][\/vc_row][vc_row type=&#8221;full_width_content&#8221; full_screen_row_position=&#8221;middle&#8221; column_margin=&#8221;default&#8221; column_direction=&#8221;default&#8221; column_direction_tablet=&#8221;default&#8221; column_direction_phone=&#8221;default&#8221; scene_position=&#8221;center&#8221; top_padding=&#8221;10%&#8221; constrain_group_1=&#8221;yes&#8221; bottom_padding=&#8221;10%&#8221; left_padding_desktop=&#8221;15%&#8221; constrain_group_2=&#8221;yes&#8221; right_padding_desktop=&#8221;15%&#8221; left_padding_phone=&#8221;25px&#8221; constrain_group_6=&#8221;yes&#8221; right_padding_phone=&#8221;25px&#8221; text_color=&#8221;dark&#8221; text_align=&#8221;left&#8221; row_border_radius=&#8221;none&#8221; row_border_radius_applies=&#8221;bg&#8221; row_position_desktop=&#8221;default&#8221; row_position_tablet=&#8221;inherit&#8221; row_position_phone=&#8221;inherit&#8221; overflow=&#8221;visible&#8221; overlay_strength=&#8221;0.3&#8243; gradient_direction=&#8221;left_to_right&#8221; shape_divider_position=&#8221;bottom&#8221; bg_image_animation=&#8221;none&#8221; gradient_type=&#8221;default&#8221; shape_type=&#8221;&#8221;][vc_column column_padding=&#8221;no-extra-padding&#8221; column_padding_tablet=&#8221;inherit&#8221; column_padding_phone=&#8221;inherit&#8221; column_padding_position=&#8221;all&#8221; flex_gap_desktop=&#8221;10px&#8221; column_element_direction_desktop=&#8221;default&#8221; column_element_spacing=&#8221;default&#8221; desktop_text_alignment=&#8221;center&#8221; tablet_text_alignment=&#8221;default&#8221; phone_text_alignment=&#8221;default&#8221; background_color_opacity=&#8221;1&#8243; background_hover_color_opacity=&#8221;1&#8243; column_backdrop_filter=&#8221;none&#8221; column_shadow=&#8221;none&#8221; column_border_radius=&#8221;none&#8221; column_link_target=&#8221;_self&#8221; column_position=&#8221;default&#8221; gradient_direction=&#8221;left_to_right&#8221; overlay_strength=&#8221;0.3&#8243; width=&#8221;1\/1&#8243; tablet_width_inherit=&#8221;default&#8221; animation_type=&#8221;default&#8221; bg_image_animation=&#8221;none&#8221; border_type=&#8221;simple&#8221; column_border_width=&#8221;none&#8221; column_border_style=&#8221;solid&#8221; flexbox_justify_content_tablet=&#8221;&#8221; flexbox_align_items_tablet=&#8221;&#8221; flexbox_direction_tablet=&#8221;&#8221; column_padding_type=&#8221;default&#8221; gradient_type=&#8221;default&#8221;][nectar_text_inline_images media_type=&#8221;images&#8221; images=&#8221;939,866,964,959&#8243; image_size=&#8221;large__h_rect&#8221; image_effect=&#8221;none&#8221; media_roundness=&#8221;10px&#8221; inherit_typography_from=&#8221;h1&#8243; image_loading=&#8221;default&#8221; text_direction=&#8221;default&#8221; font_size_desktop=&#8221;4vw&#8221; font_size_phone=&#8221;7vw&#8221; font_line_height=&#8221;1.1&#8243;]\n<p style=\"text-align: center;\"><span class=\"font_omx1eb4lv\">NAZWA STUDIO * <\/span><span class=\"font_omx1eb4lv\">odnosi si\u0119 do warto\u015bci * etycznych i estetycznych, kt\u00f3rymi kieruje si\u0119 w swojej pracy * takich, jak odpowiedzialno\u015b\u0107, r\u00f3wnowaga, dba\u0142o\u015b\u0107 o \u015brodowisko* i pi\u0119kno.<\/span><\/p>\n[\/nectar_text_inline_images][\/vc_column][\/vc_row]\n","protected":false},"excerpt":{"rendered":"<p>[vc_row type=&#8221;full_width_content&#8221; full_screen_row_position=&#8221;middle&#8221; column_margin=&#8221;default&#8221; column_direction=&#8221;default&#8221; column_direction_tablet=&#8221;default&#8221; column_direction_phone=&#8221;default&#8221; bg_color=&#8221;#C2B5A0&#8243; animated_gradient_bg=&#8221;true&#8221; animated_gradient_bg_color_1=&#8221;#D8D852&#8243; animated_gradient_bg_speed=&#8221;1300&#8243; animated_gradient_bg_blending_mode=&#8221;organic&#8221; scene_position=&#8221;center&#8221; left_padding_desktop=&#8221;60px&#8221; constrain_group_2=&#8221;yes&#8221; right_padding_desktop=&#8221;60px&#8221; left_padding_tablet=&#8221;25px&#8221; constrain_group_4=&#8221;yes&#8221; right_padding_tablet=&#8221;25px&#8221; text_color=&#8221;dark&#8221; text_align=&#8221;left&#8221; row_border_radius=&#8221;none&#8221; row_border_radius_applies=&#8221;bg&#8221; row_position_desktop=&#8221;default&#8221; row_position_tablet=&#8221;inherit&#8221; row_position_phone=&#8221;inherit&#8221; overflow=&#8221;visible&#8221; overlay_strength=&#8221;0.3&#8243; gradient_direction=&#8221;left_to_right&#8221; shape_divider_position=&#8221;bottom&#8221; bg_image_animation=&#8221;none&#8221; color_change_section=&#8221;true&#8221; gradient_type=&#8221;default&#8221; shape_type=&#8221;&#8221;][vc_column flex_gap_desktop=&#8221;10px&#8221; desktop_text_alignment=&#8221;default&#8221; tablet_text_alignment=&#8221;default&#8221; phone_text_alignment=&#8221;default&#8221; background_color_opacity=&#8221;1&#8243; background_hover_color_opacity=&#8221;1&#8243;&#8230;<\/p>\n","protected":false},"author":1,"featured_media":0,"parent":0,"menu_order":0,"comment_status":"closed","ping_status":"closed","template":"","meta":{"footnotes":""},"class_list":["post-990","page","type-page","status-publish"],"_links":{"self":[{"href":"https:\/\/new.idealistastudio.com\/index.php\/wp-json\/wp\/v2\/pages\/990","targetHints":{"allow":["GET"]}}],"collection":[{"href":"https:\/\/new.idealistastudio.com\/index.php\/wp-json\/wp\/v2\/pages"}],"about":[{"href":"https:\/\/new.idealistastudio.com\/index.php\/wp-json\/wp\/v2\/types\/page"}],"author":[{"embeddable":true,"href":"https:\/\/new.idealistastudio.com\/index.php\/wp-json\/wp\/v2\/users\/1"}],"replies":[{"embeddable":true,"href":"https:\/\/new.idealistastudio.com\/index.php\/wp-json\/wp\/v2\/comments?post=990"}],"version-history":[{"count":59,"href":"https:\/\/new.idealistastudio.com\/index.php\/wp-json\/wp\/v2\/pages\/990\/revisions"}],"predecessor-version":[{"id":1140,"href":"https:\/\/new.idealistastudio.com\/index.php\/wp-json\/wp\/v2\/pages\/990\/revisions\/1140"}],"wp:attachment":[{"href":"https:\/\/new.idealistastudio.com\/index.php\/wp-json\/wp\/v2\/media?parent=990"}],"curies":[{"name":"wp","href":"https:\/\/api.w.org\/{rel}","templated":true}]}}